{"id":6,"date":"2008-10-30T22:56:58","date_gmt":"2008-10-30T21:56:58","guid":{"rendered":"http:\/\/www.informatique.epiknet.org\/?page_id=6"},"modified":"2016-08-08T20:58:58","modified_gmt":"2016-08-08T19:58:58","slug":"regles-de-bienseance-sur-votre-canal-prefere","status":"publish","type":"page","link":"https:\/\/informatique.epiknet.org\/?page_id=6","title":{"rendered":"R\u00e9gles de biens\u00e9ance sur votre canal pr\u00e9f\u00e9r\u00e9"},"content":{"rendered":"<h2>Charte d&rsquo;utilisation du canal #Informatique<\/h2>\n<p><em>La description de #Informatique est \u00ab\u00a0<strong>Aide et discussions sur l&rsquo;informatique<\/strong>\u00ab\u00a0, autour de ce th\u00e8me, nous devons faire \u00e9voluer le canal afin de ramener la bonne ambiance qui devrait y r\u00e9gner. Ce document ne peut en aucun cas se placer au dessus ou aller \u00e0 l&rsquo;encontre des <a href=\"http:\/\/www.epiknet.org\/organisation\/netiquette\/\">r\u00e8gles \u00e9tablies sur le r\u00e9seaux Epiknet<\/a> et devra \u00eatre modifi\u00e9 si il devait en \u00eatre autrement. Ce document ne remplace pas la netiquette.<\/em><\/p>\n<h3 id=\"regle1\" style=\"text-align: justify;\">R\u00e8gle N\u00b001 :<\/h3>\n<p style=\"text-align: justify;\"><strong>Respect des r\u00e8gles:<\/strong> Les r\u00e8gles d\u2019utilisation du canal ne sont pas sujettes \u00e0 discussions, elles ont \u00e9t\u00e9 \u00e9tablies afin de coller aux r\u00e9alit\u00e9s du r\u00e9seau, de l\u2019IRC et du reste du monde. Votre pr\u00e9sence sur le canal implique l\u2019acceptation enti\u00e8re et sans exception de toutes ces r\u00e8gles. Toutefois, nous acceptons les suggestions motiv\u00e9es et transmises \u00e0 un mod\u00e9rateur qui fera suivre.<\/p>\n<h3 id=\"regle2\" style=\"text-align: justify;\">R\u00e8gle N\u00b002 :<\/h3>\n<p style=\"text-align: justify;\"><strong>Responsabilit\u00e9:<\/strong> Les deux th\u00e8mes du canal sont les discussions autour des sujets touchants \u00e0 l\u2019informatique et l\u2019entre-aide aux utilisateurs du canal qui souhaitent en recevoir, dans la mesure des comp\u00e9tences et de la bonne volont\u00e9 des personnes qui voudront bien apporter cette aide. Ces personnes seront mises en avant dans la mesure du possible. En mati\u00e8re d\u2019aide, nous vous rappelons que nous ne sommes en aucune mani\u00e8re r\u00e9mun\u00e9r\u00e9s, que l\u2019aide n\u2019est pas un d\u00fb, et que nous ne sommes absolument pas responsables des cons\u00e9quences des manipulations que vous effectuerez, vous restez seuls d\u00e9cisionnaires et assumerez seuls \u00e9galement les cons\u00e9quences de vos actes.<\/p>\n<h3 id=\"regle3\" style=\"text-align: justify;\">R\u00e8gle N\u00b003 :<\/h3>\n<p style=\"text-align: justify;\"><strong>Entre-aide :<\/strong> Comme pr\u00e9cis\u00e9 ci-dessus, le canal n\u2019est pas une hotline, et l\u2019entraide est base sur la r\u00e9ciprocit\u00e9 de l\u2019\u00e9change. Deux comportements doivent imp\u00e9rativement \u00eatre \u00e9vit\u00e9s : si vous posez une question dont la r\u00e9ponse est dans la premi\u00e8re r\u00e9ponse de Google ou est explicit\u00e9e dans l\u2019aide du logiciel, vous ne vous ferez pas bien voir, ensuite, si d\u00e8s que la r\u00e9ponse \u00e0 votre probl\u00e8me est apport\u00e9e vous quittez le canal, vous \u00eates une sorte de parasite, voyez les choses sur du long terme, participez et sachez qu\u2019on apprend autant en aidant les autres qu\u2019en demandant de l\u2019aide, la connaissance croit quand on la partage. Si l\u2019aide apport\u00e9e vous a satisfait, apportez vous aussi de l\u2019aide, si elle ne vous a pas paru suffisante, aidez nous \u00e0 l\u2019am\u00e9liorer. Enfin, ne participez pas au dialogue que lorsque vous avez besoin d\u2019un renseignement, cette attitude est mauvaise pour le canal, et am\u00e8nerait in\u00e9vitablement \u00e0 sa disparition.<\/p>\n<h3 id=\"regle4\" style=\"text-align: justify;\">R\u00e8gle N\u00b004 :<\/h3>\n<p style=\"text-align: justify;\"><strong>Trolls et d\u00e9bats :<\/strong> <em>(comprendre : discussions sans fin et non argument\u00e9es sur un sujet r\u00e9curent, \u00e0 ne pas confondre avec les d\u00e9bats, ex : \u00ab\u00a0Windows c&rsquo;est nul, linux c&rsquo;est bien\u00a0\u00bb est un troll, \u00ab\u00a0Linux c&rsquo;est bien parce que c&rsquo;est gratuit, Windows c&rsquo;est pas bien parce que c&rsquo;est payant\u00a0\u00bb est un d\u00e9but de d\u00e9bat, dans le second cas on dispose d&rsquo;arguments objectifs dans le premier il s&rsquo;agit d&rsquo;un jugement de valeur.)<\/em><br \/>\nLes trolls donc, sont proscrits. Il est utile de d\u00e9battre, il est inutile de troller, pensez plut\u00f4t \u00e0 apporter votre aide et \u00e0 partager vos comp\u00e9tences, pensez m\u00eame \u00e0 r\u00e9diger un article.<\/p>\n<h3 id=\"regle5\" style=\"text-align: justify;\">R\u00e8gle N\u00b005 :<\/h3>\n<p style=\"text-align: justify;\"><strong>Politesse, savoir vivre :<\/strong> Comme partout, dire bonjour en arrivant est indispensable, si vous ne dites pas bonjour, nous ne sommes pas cens\u00e9s conna\u00eetre votre existence. Bien entendu toute injure, insulte (\u00e0 caract\u00e8re raciste ou non), tout manque de respect, avec l\u2019accord de votre interlocuteur ou non est \u00e0 proscrire. Le langage doit \u00eatre correct, il n\u2019est pas n\u00e9cessaire d\u2019\u00eatre grossier pour se faire comprendre. Si vous et votre interlocuteur aimez vous injurier, faites le ailleurs. Le \u201cnoob\u201d (comprendre utilisateur ayant un faible niveau et peu d\u2019habitude de l\u2019irc et de la discussion sur internet) n\u2019existe pas, il s\u2019agit juste d\u2019un utilisateur peu exp\u00e9riment\u00e9. Respectez votre prochain, vous \u00eates s\u00fbrement un \u201cnoob\u201d dans un domaine ou un autre. \u00c9galement, tous les pseudos trop long (sup\u00e9rieur \u00e0 15 caract\u00e8res) ne seront pas accept\u00e9s.<\/p>\n<h3 id=\"regle6\" style=\"text-align: justify;\">R\u00e8gle N\u00b006 :<\/h3>\n<p style=\"text-align: justify;\"><strong>Langage:<\/strong> La langue officiel du canal est le fran\u00e7ais. Nous tol\u00e9rons les autres langues \u00e0 titre de citation ou dans un but p\u00e9dagogique, par exemple l\u2019anglais est fr\u00e9quemment utilise en informatique. <span style=\"color: #000000;\">Le langage SMS est proscrit <\/span>(si vou parl\u00e9 kom sa vou pouv\u00e9 partir), il est n\u00e9cessaire de s\u2019exprimer en bon fran\u00e7ais, de faire des phrases compl\u00e8tes et de veiller \u00e0 laisser s\u2019exprimer chacun. De m\u00eame le fait de mettre un mot par ligne pour finir par \u00e9taler une phrase sur 10 lignes est une tr\u00e8s mauvaise habitude, casse compl\u00e8tement le rythme des conversations, et peut \u00e9galement \u00eatre assimil\u00e9 \u00e0 du flood. \u00c9crivez une phrase voir un paragraphe, puis appuyez sur la touche \u201cEntr\u00e9e\u201d, vous n\u2019en serez que mieux compris.<\/p>\n<h3 id=\"regle7\" style=\"text-align: justify;\">R\u00e8gle N\u00b007 :<\/h3>\n<p style=\"text-align: justify;\"><strong>Sujets interdits :<\/strong> M\u00eame si nous sommes en d\u00e9mocratie, pour des raisons l\u00e9gales, et afin que le canal ne devienne pas un lieu d\u2019\u00e9change ill\u00e9gal, sachant \u00e9galement que des mineurs qui ne sont pas toujours capables de distinguer le bien du mal fr\u00e9quentent ce canal, il existe un certain nombre de sujets que nous n\u2019abordons pas, et que vous ne devez pas aborder. Le premier est celui des syst\u00e8mes d\u2019\u00e9change de fichiers en P2P, que le contenu soit ou non l\u00e9gal, ce sujet ne doit pas \u00eatre abord\u00e9, il en va de m\u00eame pour le hack, piratage, warez. Le second est plut\u00f4t un ensemble de sujets, il s\u2019agit de tout les sujets comportants un caract\u00e8re ill\u00e9gal, ou relevant de la protection des mineurs, nous ne parlons pas, et vous ne devez donc pas parler de : drogue, vol, arnaques divers, m\u00e9thode de contournement de la loi en vigueur etc. Cette liste n\u2019est pas exhaustive. Enfin, dans le doute, demandez \u00e0 un mod\u00e9rateur, si un mod\u00e9rateur interdit un sujet, celui ci devient interdit jusqu\u2019\u00e0 ce qu\u2019il soit officiellement autoris\u00e9. Cette r\u00e8gle peut sembler relever de la censure, voir de la dictature mais il s\u2019agit de pr\u00e9server l\u2019existence m\u00eame du canal.<\/p>\n<h3 id=\"regle8\" style=\"text-align: justify;\">R\u00e8gle N\u00b008 :<\/h3>\n<p style=\"text-align: justify;\"><strong>Charset :<\/strong> le charset utilis\u00e9 sur le canal est l\u2019utf-8. Cette d\u00e9cision est compl\u00e8tement arbitraire, il s\u2019agit d\u2019une convention. C\u2019est comme rouler \u00e0 droite. Si vous ne voulez pas utiliser ce charset, vous ne voulez pas utiliser le canal. N\u2019h\u00e9sitez pas \u00e0 aider les nouveaux venus \u00e0 changer leur charset, ainsi tout le monde voit les beaux caract\u00e8res accentu\u00e9s de notre belle langue fran\u00e7aise.<\/p>\n<h3 style=\"text-align: justify;\">R\u00e9gle N\u00b09 :<\/h3>\n<p style=\"text-align: justify;\"><strong>Respects des diff\u00e9rences de niveaux et de culture informatique :<\/strong> dans l&rsquo;optique du partage des connaissances et du respect des diff\u00e9rences entre les utilisateurs, il n&rsquo;est pas accept\u00e9 qu&rsquo;un utilisateur soit d\u00e9nigr\u00e9 sous pretexte qu&rsquo;il utilise un syst\u00e8me d&rsquo;exploitation, un logiciel, ou un mat\u00e9riel. que vous n&rsquo;aimez pas, essayez plut\u00f4t de d\u00e9fendre votre point de vue de mani\u00e8re calme et polie, sans agressivit\u00e9., en argumentant. Sur le m\u00eame principe, le fait de donner volontairement une fausse information dans le but de tromper un utilisateur sera sanctionn\u00e9.<\/p>\n","protected":false},"excerpt":{"rendered":"<p>Charte d&rsquo;utilisation du canal #Informatique La description de #Informatique est \u00ab\u00a0Aide et discussions sur l&rsquo;informatique\u00ab\u00a0, autour de ce th\u00e8me, nous devons faire \u00e9voluer le canal afin de ramener la bonne ambiance qui devrait y r\u00e9gner. Ce document ne peut en aucun cas se placer au dessus ou aller \u00e0 l&rsquo;encontre des r\u00e8gles \u00e9tablies sur le [&hellip;]<\/p>\n","protected":false},"author":5,"featured_media":0,"parent":0,"menu_order":0,"comment_status":"open","ping_status":"open","template":"","meta":[],"_links":{"self":[{"href":"https:\/\/informatique.epiknet.org\/index.php?rest_route=\/wp\/v2\/pages\/6"}],"collection":[{"href":"https:\/\/informatique.epiknet.org\/index.php?rest_route=\/wp\/v2\/pages"}],"about":[{"href":"https:\/\/informatique.epiknet.org\/index.php?rest_route=\/wp\/v2\/types\/page"}],"author":[{"embeddable":true,"href":"https:\/\/informatique.epiknet.org\/index.php?rest_route=\/wp\/v2\/users\/5"}],"replies":[{"embeddable":true,"href":"https:\/\/informatique.epiknet.org\/index.php?rest_route=%2Fwp%2Fv2%2Fcomments&post=6"}],"version-history":[{"count":24,"href":"https:\/\/informatique.epiknet.org\/index.php?rest_route=\/wp\/v2\/pages\/6\/revisions"}],"predecessor-version":[{"id":149,"href":"https:\/\/informatique.epiknet.org\/index.php?rest_route=\/wp\/v2\/pages\/6\/revisions\/149"}],"wp:attachment":[{"href":"https:\/\/informatique.epiknet.org\/index.php?rest_route=%2Fwp%2Fv2%2Fmedia&parent=6"}],"curies":[{"name":"wp","href":"https:\/\/api.w.org\/{rel}","templated":true}]}}