{"id":73,"date":"2009-05-13T18:51:53","date_gmt":"2009-05-13T17:51:53","guid":{"rendered":"http:\/\/www.informatique.epiknet.org\/?page_id=73"},"modified":"2016-04-28T21:44:35","modified_gmt":"2016-04-28T20:44:35","slug":"bienvenue","status":"publish","type":"page","link":"https:\/\/informatique.epiknet.org\/","title":{"rendered":"Bienvenue !"},"content":{"rendered":"<h3>Pr\u00e9sentation :<\/h3>\n<p style=\"text-align: justify;\">Bienvenue sur #Informatique, ce canal de discussion est un canal officiel du r\u00e9seau <a title=\"Epiknet, canal officiel #informatique\" href=\"http:\/\/www.epiknet.org\/canaux.asp?id=16\" target=\"_blank\">Epiknet<\/a>. Toute l&rsquo;\u00e9quipe des mod\u00e9rateurs est heureuse de vous accueillir pour discuter d&rsquo;informatique et de tout les sujets qui y sont li\u00e9s. Vous pouvez bien sur demander de l&rsquo;aide sur un sujet pr\u00e9cis (gentiment et poliment) et si une bonne \u00e2me souhaite vous r\u00e9pondre, elle le fera. Gardez \u00e0 l&rsquo;esprit que l&rsquo;\u00e9quipe de mod\u00e9ration et les personnes qui vous aident sont des b\u00e9n\u00e9voles, ils font de leur mieux, mais ne sont pas r\u00e9mun\u00e9r\u00e9s et ont, pour la plupart, d&rsquo;autre pr\u00e9occupations quotidiennes.<\/p>\n<p style=\"text-align: justify;\">Comme dans toute communaut\u00e9, afin de rendre la discussion agr\u00e9able et int\u00e9ressante, il est n\u00e9cessaire de respecter un certain nombre de <strong><a title=\"R\u00e9gles de bonne conduite sur #informatique\" href=\"http:\/\/www.informatique.epiknet.org\/?page_id=6\" target=\"_self\">r\u00e8gles.<\/a><\/strong> Ces r\u00e8gles ont \u00e9t\u00e9 \u00e9tablies afin de garantir le respect de tous, et de permettre la p\u00e9rennit\u00e9 du canal, vous pouvez vous y referez chaque fois qu&rsquo;un doute appara\u00eet sur les points d\u00e9licats, ou bien demander \u00e0 un mod\u00e9rateur de vous conseiller.<\/p>\n<h3>Philosophie:<\/h3>\n<p style=\"text-align: justify;\">Sur ce canal, nous parlons d&rsquo;informatique, il est hors de question de se limiter \u00e0 un type de syst\u00e8me d&rsquo;exploitation (chacun est libre d&rsquo;utiliser ce que bon lui semble), ou \u00e0 un niveau d&rsquo;utilisation. Certaines personnes sont ing\u00e9nieurs en informatique, d&rsquo;autres ne font qu&rsquo;utiliser l&rsquo;outil au quotidien et d&rsquo;autres encore on beaucoup de mal \u00e0 s&rsquo;habituer \u00e0 nos dr\u00f4les de machines. Soyez tol\u00e9rants, ne rabaissez pas les nouveaux utilisateurs et partagez vos connaissances.<\/p>\n<h3>L&rsquo;\u00e9quipe :<\/h3>\n<p style=\"text-align: justify;\">L&rsquo;\u00e9quipe se compose d&rsquo;un <strong>chanadmin<\/strong> (ou CA), responsable du recrutement des mod\u00e9rateurs et qui donne sous le contr\u00f4le des <strong>chanroots<\/strong> (ou CR) les grandes orientations du canal. Il d\u00e9cide \u00e9galement, en accord avec le reste de l&rsquo;\u00e9quipe de la mani\u00e8re d&rsquo;animer le canal. Les <strong>mod\u00e9rateurs<\/strong> (les <strong>op\u00e9rateurs<\/strong> et les <strong>half op\u00e9rateurs<\/strong>) sont l\u00e0 pour guider les utilisateurs et \u00e9viter les d\u00e9rapages. Tenez compte de leur remarques et prenez les <strong>kicks<\/strong> et les <strong>bans<\/strong> comme des le\u00e7ons, pas commes des sanctions. <strong>Ne tentez pas de contourner un ban<\/strong>, essayez plut\u00f4t de vous expliquer en priv\u00e9 avec la personne qui vous a banni, bien souvent tout s&rsquo;arrange. Enfin, les voice, il s&rsquo;agit essentiellement d&rsquo;habitu\u00e9s qui sont de bon conseil, n&rsquo;h\u00e9sitez pas \u00e0 leur poser des questions, ils connaissent la maison.<\/p>\n<ul style=\"text-align: justify;\">\n<li style=\"text-align: justify;\"><strong>Gurty, (chanadmin) :<\/strong> pr\u00e9sentation \u00e0 venir<\/li>\n<li style=\"text-align: justify;\"><strong>koollman, (mod\u00e9rateur) :<\/strong> pr\u00e9sentation \u00e0 venir<\/li>\n<li style=\"text-align: justify;\"><strong>XwZ, (mod\u00e9rateur) :<\/strong> pr\u00e9sentation \u00e0 venir<\/li>\n<li style=\"text-align: justify;\"><strong>Hinou, (mod\u00e9rateur) :<\/strong> pr\u00e9sentation \u00e0 venir<\/li>\n<li style=\"text-align: justify;\"><strong>Achrome, (mod\u00e9rateur) :<\/strong> pr\u00e9sentation \u00e0 venir<\/li>\n<li style=\"text-align: justify;\"><strong>Kapouik, (mod\u00e9rateur) :<\/strong> D\u00e8s ma naissance, les ordinateurs envahissaient d\u00e9j\u00e0 la maison. Cela commen\u00e7a avec un t\u00e9lex (sorte de gros terminal qui savait transmettre des messages par voix t\u00e9l\u00e9phonique) puis l&rsquo;arriv\u00e9e d&rsquo;un 80286 cadenc\u00e9 \u00e0 16Mhz qui fit perdre de longues heures de mon enfance sur Monkey Island. La deuxi\u00e8me r\u00e9volution de ma vie f\u00fbt la d\u00e9couverte en 2000 de GNU\/Linux via une RedHat qui rempla\u00e7a vite mon BeOS et qui ne m&rsquo;a plus l\u00e2ch\u00e9 depuis. A force de passer des heures \u00e0 casser mes ordinateurs j&rsquo;ai fini par acqu\u00e9rir des connaissances autodidactes qui furent compl\u00e9t\u00e9 par des formations professionnelles qui me permettent aujourd&rsquo;hui de travailler comme administrateur syst\u00e8me et r\u00e9seau au sein d&rsquo;une entreprise de taille nationale. Depuis plusieurs ann\u00e9es je me suis engag\u00e9 au sein de plusieurs associations (Linux user group, communaut\u00e9 francophone de plusieurs Unix et d\u00e9veloppement de logiciels libres) qui m&rsquo;ont permis de c\u00f4toyer un public averti d&rsquo;informaticien. IRC via Epiknet m&rsquo;a permis de c\u00f4toyer un public plus large autant passionn\u00e9 que n\u00e9ophyte afin de partager mes exp\u00e9riences et connaissances mais aussi de continuer d&rsquo;assouvir ma soif de connaissance via des discussions th\u00e9matiques sur des sujets parfois m\u00e9connus voir inconnus.<\/li>\n<\/ul>\n<h3 style=\"text-align: center;\">Gardez \u00e0 l&rsquo;esprit que nous sommes sur ce canal pour partager notre passion commune et nos connaissances dans la bonne humeur et le respect de tous.<\/h3>\n","protected":false},"excerpt":{"rendered":"<p>Pr\u00e9sentation : Bienvenue sur #Informatique, ce canal de discussion est un canal officiel du r\u00e9seau Epiknet. Toute l&rsquo;\u00e9quipe des mod\u00e9rateurs est heureuse de vous accueillir pour discuter d&rsquo;informatique et de tout les sujets qui y sont li\u00e9s. Vous pouvez bien sur demander de l&rsquo;aide sur un sujet pr\u00e9cis (gentiment et poliment) et si une bonne [&hellip;]<\/p>\n","protected":false},"author":5,"featured_media":0,"parent":0,"menu_order":0,"comment_status":"open","ping_status":"open","template":"","meta":[],"_links":{"self":[{"href":"https:\/\/informatique.epiknet.org\/index.php?rest_route=\/wp\/v2\/pages\/73"}],"collection":[{"href":"https:\/\/informatique.epiknet.org\/index.php?rest_route=\/wp\/v2\/pages"}],"about":[{"href":"https:\/\/informatique.epiknet.org\/index.php?rest_route=\/wp\/v2\/types\/page"}],"author":[{"embeddable":true,"href":"https:\/\/informatique.epiknet.org\/index.php?rest_route=\/wp\/v2\/users\/5"}],"replies":[{"embeddable":true,"href":"https:\/\/informatique.epiknet.org\/index.php?rest_route=%2Fwp%2Fv2%2Fcomments&post=73"}],"version-history":[{"count":29,"href":"https:\/\/informatique.epiknet.org\/index.php?rest_route=\/wp\/v2\/pages\/73\/revisions"}],"predecessor-version":[{"id":146,"href":"https:\/\/informatique.epiknet.org\/index.php?rest_route=\/wp\/v2\/pages\/73\/revisions\/146"}],"wp:attachment":[{"href":"https:\/\/informatique.epiknet.org\/index.php?rest_route=%2Fwp%2Fv2%2Fmedia&parent=73"}],"curies":[{"name":"wp","href":"https:\/\/api.w.org\/{rel}","templated":true}]}}